{"id":4085,"date":"2016-06-01T11:44:55","date_gmt":"2016-06-01T09:44:55","guid":{"rendered":"https:\/\/biblia.rgy.hu\/muzeum\/raday-gyujtemeny\/"},"modified":"2024-02-24T22:27:26","modified_gmt":"2024-02-24T20:27:26","slug":"raday-gyujtemeny","status":"publish","type":"page","link":"https:\/\/bibliamuzeum.com\/en\/about-us\/raday-gyujtemeny\/","title":{"rendered":"R\u00e1day Collection"},"content":{"rendered":"<div class=\"gb-container gb-container-c9ae50d1\">\n<div class=\"gb-container gb-container-de15b47e animated slideInLeft\"><\/div>\n<\/div>\n\n<div class=\"gb-container gb-container-69146fb6\">\n<div class=\"gb-container gb-container-1db14a78\">\n\n<h2 class=\"gb-headline gb-headline-a2d1cc79 gb-headline-text\">R\u00e1day collection<\/h2>\n\n\n\n<p>The R\u00e1day Collection is an umbrella institution of the reformed church. It consists of a library, an archive, and two museums: the Bible Museum in Budapest and the R\u00e1day Museum in Kecskem\u00e9t.<\/p>\n\n\n\n<p>The library gains its name as well as the majority of its books from the aristocratic R\u00e1day family\u2019s private collection.<\/p>\n\n\n\n<p>Most of the volumes are from the Enlightenment era; these were collected by the family with great expertise.<\/p>\n\n\n\n<p>The collection was bought by the reformed church in the 19<sup>th<\/sup> century, in order that it might provide an academic base for the newly founded Theological Academy. The library has since grown into a modern collection with theological and social studies acquisitions.<\/p>\n\n\n\n<p>The Archives house personal documents from the R\u00e1day family, as well as preserving materials belonging to the Danubian Reformed Church District.<\/p>\n\n\n\n<p>The R\u00e1day Museum in Kecskem\u00e9t displays Hungarian reformed church art.<\/p>\n\n\n\n<p>A goldsmith workshop enriches its permanent exhibition.<\/p>\n\n<\/div>\n<\/div>","protected":false},"excerpt":{"rendered":"<p>R\u00e1day collection The R\u00e1day Collection is an umbrella institution of the reformed church. It consists of a library, an archive, and two museums: the Bible Museum in Budapest and the R\u00e1day Museum in Kecskem\u00e9t. The library gains its name as well as the majority of its books from the aristocratic R\u00e1day family\u2019s private collection. Most &#8230; <a title=\"R\u00e1day Collection\" class=\"read-more\" href=\"https:\/\/bibliamuzeum.com\/en\/about-us\/raday-gyujtemeny\/\" aria-label=\"Read more about R\u00e1day Collection\">Read more<\/a><\/p>\n","protected":false},"author":1,"featured_media":0,"parent":4081,"menu_order":0,"comment_status":"closed","ping_status":"closed","template":"","meta":{"footnotes":""},"class_list":["post-4085","page","type-page","status-publish"],"_links":{"self":[{"href":"https:\/\/bibliamuzeum.com\/en\/wp-json\/wp\/v2\/pages\/4085","targetHints":{"allow":["GET"]}}],"collection":[{"href":"https:\/\/bibliamuzeum.com\/en\/wp-json\/wp\/v2\/pages"}],"about":[{"href":"https:\/\/bibliamuzeum.com\/en\/wp-json\/wp\/v2\/types\/page"}],"author":[{"embeddable":true,"href":"https:\/\/bibliamuzeum.com\/en\/wp-json\/wp\/v2\/users\/1"}],"replies":[{"embeddable":true,"href":"https:\/\/bibliamuzeum.com\/en\/wp-json\/wp\/v2\/comments?post=4085"}],"version-history":[{"count":1,"href":"https:\/\/bibliamuzeum.com\/en\/wp-json\/wp\/v2\/pages\/4085\/revisions"}],"predecessor-version":[{"id":7569,"href":"https:\/\/bibliamuzeum.com\/en\/wp-json\/wp\/v2\/pages\/4085\/revisions\/7569"}],"up":[{"embeddable":true,"href":"https:\/\/bibliamuzeum.com\/en\/wp-json\/wp\/v2\/pages\/4081"}],"wp:attachment":[{"href":"https:\/\/bibliamuzeum.com\/en\/wp-json\/wp\/v2\/media?parent=4085"}],"curies":[{"name":"wp","href":"https:\/\/api.w.org\/{rel}","templated":true}]}}