{"id":4089,"date":"2016-07-28T15:51:11","date_gmt":"2016-07-28T13:51:11","guid":{"rendered":"https:\/\/biblia.rgy.hu\/muzeum\/raday-muzeum\/"},"modified":"2024-02-24T22:28:59","modified_gmt":"2024-02-24T20:28:59","slug":"raday-muzeum","status":"publish","type":"page","link":"https:\/\/bibliamuzeum.com\/en\/about-us\/raday-muzeum\/","title":{"rendered":"R\u00e1day Museum"},"content":{"rendered":"<div class=\"gb-container gb-container-c9ae50d1\">\n<div class=\"gb-container gb-container-de15b47e animated slideInLeft\"><\/div>\n<\/div>\n\n<div class=\"gb-container gb-container-69146fb6\">\n<div class=\"gb-container gb-container-1db14a78\">\n\n<h2 class=\"gb-headline gb-headline-a2d1cc79 gb-headline-text\">R\u00e1day Museum<\/h2>\n\n\n\n<p>Hungarian reformed church art objects are on display in the R\u00e1day Museum in Kecskem\u00e9t, a middle size, traditionally Calvinist town south-east of Budapest. The collection was established in 1967, and the museum was created in 1983. The greater part of the collection presents church objects, precious metal handicraft &nbsp;&nbsp;as well as pottery and textile objects, which serve as tangible mementos of faith of past generations and their bond to our Church.<\/p>\n\n\n\n<p>Covering a large time period, the materials in the exhibition demonstrate a rich and colourful picture of Reformed liturgy and everyday church life.<\/p>\n\n<\/div>\n<\/div>","protected":false},"excerpt":{"rendered":"<p>R\u00e1day Museum Hungarian reformed church art objects are on display in the R\u00e1day Museum in Kecskem\u00e9t, a middle size, traditionally Calvinist town south-east of Budapest. The collection was established in 1967, and the museum was created in 1983. The greater part of the collection presents church objects, precious metal handicraft &nbsp;&nbsp;as well as pottery and &#8230; <a title=\"R\u00e1day Museum\" class=\"read-more\" href=\"https:\/\/bibliamuzeum.com\/en\/about-us\/raday-muzeum\/\" aria-label=\"Read more about R\u00e1day Museum\">Read more<\/a><\/p>\n","protected":false},"author":1,"featured_media":0,"parent":4081,"menu_order":0,"comment_status":"closed","ping_status":"closed","template":"","meta":{"footnotes":""},"class_list":["post-4089","page","type-page","status-publish"],"_links":{"self":[{"href":"https:\/\/bibliamuzeum.com\/en\/wp-json\/wp\/v2\/pages\/4089","targetHints":{"allow":["GET"]}}],"collection":[{"href":"https:\/\/bibliamuzeum.com\/en\/wp-json\/wp\/v2\/pages"}],"about":[{"href":"https:\/\/bibliamuzeum.com\/en\/wp-json\/wp\/v2\/types\/page"}],"author":[{"embeddable":true,"href":"https:\/\/bibliamuzeum.com\/en\/wp-json\/wp\/v2\/users\/1"}],"replies":[{"embeddable":true,"href":"https:\/\/bibliamuzeum.com\/en\/wp-json\/wp\/v2\/comments?post=4089"}],"version-history":[{"count":1,"href":"https:\/\/bibliamuzeum.com\/en\/wp-json\/wp\/v2\/pages\/4089\/revisions"}],"predecessor-version":[{"id":7570,"href":"https:\/\/bibliamuzeum.com\/en\/wp-json\/wp\/v2\/pages\/4089\/revisions\/7570"}],"up":[{"embeddable":true,"href":"https:\/\/bibliamuzeum.com\/en\/wp-json\/wp\/v2\/pages\/4081"}],"wp:attachment":[{"href":"https:\/\/bibliamuzeum.com\/en\/wp-json\/wp\/v2\/media?parent=4089"}],"curies":[{"name":"wp","href":"https:\/\/api.w.org\/{rel}","templated":true}]}}