{"id":4099,"date":"2016-06-01T11:45:19","date_gmt":"2016-06-01T09:45:19","guid":{"rendered":"https:\/\/biblia.rgy.hu\/museum\/epulettortenet\/"},"modified":"2024-02-24T22:32:07","modified_gmt":"2024-02-24T20:32:07","slug":"history-of-the-building","status":"publish","type":"page","link":"https:\/\/bibliamuzeum.com\/en\/about-us\/history-of-the-building\/","title":{"rendered":"History of the Building"},"content":{"rendered":"<div class=\"gb-container gb-container-c9ae50d1\">\n<div class=\"gb-container gb-container-de15b47e animated slideInLeft\"><\/div>\n<\/div>\n\n<div class=\"gb-container gb-container-69146fb6\">\n<div class=\"gb-container gb-container-1db14a78\">\n\n<h2 class=\"gb-headline gb-headline-a2d1cc79 gb-headline-text\">History of the Building<\/h2>\n\n\n\n<p>The building, 28 R\u00e1day Street, is the head office of the Danubian Reformed Church District in Budapest. Dating from the 19<sup>th<\/sup> century: the Ferencv\u00e1ros Tobacco Factory bought the empty building in 1850 and used it as a factory for more than fifty years. In 1909, the Reformed Church in Hungary first rented it, then in 1913 bought and renovated it.<\/p>\n\n\n\n<p>Today, the building houses the Bishop\u2019s Office of Danubian Reformed Church District, the Faculty of Theology and Dormitory of the K\u00e1roli G\u00e1sp\u00e1r University of the Danubian Reformed Church District, the R\u00e1day Library and Archives and the Bible Museum.<\/p>\n\n<\/div>\n<\/div>","protected":false},"excerpt":{"rendered":"<p>History of the Building The building, 28 R\u00e1day Street, is the head office of the Danubian Reformed Church District in Budapest. Dating from the 19th century: the Ferencv\u00e1ros Tobacco Factory bought the empty building in 1850 and used it as a factory for more than fifty years. In 1909, the Reformed Church in Hungary first &#8230; <a title=\"History of the Building\" class=\"read-more\" href=\"https:\/\/bibliamuzeum.com\/en\/about-us\/history-of-the-building\/\" aria-label=\"Read more about History of the Building\">Read more<\/a><\/p>\n","protected":false},"author":1,"featured_media":0,"parent":4081,"menu_order":0,"comment_status":"closed","ping_status":"closed","template":"","meta":{"footnotes":""},"class_list":["post-4099","page","type-page","status-publish"],"_links":{"self":[{"href":"https:\/\/bibliamuzeum.com\/en\/wp-json\/wp\/v2\/pages\/4099","targetHints":{"allow":["GET"]}}],"collection":[{"href":"https:\/\/bibliamuzeum.com\/en\/wp-json\/wp\/v2\/pages"}],"about":[{"href":"https:\/\/bibliamuzeum.com\/en\/wp-json\/wp\/v2\/types\/page"}],"author":[{"embeddable":true,"href":"https:\/\/bibliamuzeum.com\/en\/wp-json\/wp\/v2\/users\/1"}],"replies":[{"embeddable":true,"href":"https:\/\/bibliamuzeum.com\/en\/wp-json\/wp\/v2\/comments?post=4099"}],"version-history":[{"count":1,"href":"https:\/\/bibliamuzeum.com\/en\/wp-json\/wp\/v2\/pages\/4099\/revisions"}],"predecessor-version":[{"id":7572,"href":"https:\/\/bibliamuzeum.com\/en\/wp-json\/wp\/v2\/pages\/4099\/revisions\/7572"}],"up":[{"embeddable":true,"href":"https:\/\/bibliamuzeum.com\/en\/wp-json\/wp\/v2\/pages\/4081"}],"wp:attachment":[{"href":"https:\/\/bibliamuzeum.com\/en\/wp-json\/wp\/v2\/media?parent=4099"}],"curies":[{"name":"wp","href":"https:\/\/api.w.org\/{rel}","templated":true}]}}