{"id":4183,"date":"2018-05-23T12:23:10","date_gmt":"2018-05-23T10:23:10","guid":{"rendered":"https:\/\/biblia.rgy.hu\/impresszum\/"},"modified":"2020-09-17T15:56:13","modified_gmt":"2020-09-17T13:56:13","slug":"impressum","status":"publish","type":"page","link":"https:\/\/bibliamuzeum.com\/en\/impressum\/","title":{"rendered":"Legal Disclosure"},"content":{"rendered":"<p>Name: The Bible Museum of the R\u00e1day Collection of the Danubian Church District<br \/>\nAddress: 1092 Budapest, R\u00e1day Street 28.<br \/>\nBusiness Tax Identification Number: 19001762-1-43<br \/>\nPhone: +36 1-218-0266\/161, +36 30-441-9642<br \/>\nE-mail: <a href=\"mailto:info@bibliamuzeum.com\">info@bibliamuzeum.com<\/a><br \/>\nAuthors: The employees of the R\u00e1day Collection<br \/>\nHUNT\u00c9KA Integrated library system<\/p>\n<hr \/>\n<p>Web hosting: BlazeArtsKft.<br \/>\nE-mail: <a href=\"mailto:info@forpsi.hu\">info@forpsi.hu<\/a><br \/>\nAddress: 6090 Kunszentmikl\u00f3s, Damjanich u. 36. 1\/8<br \/>\nMailing address: 6090 Kunszentmikl\u00f3s, Damjanich u. 36. 1\/8<br \/>\nCompany Registration Number: 03-09-109150<br \/>\nBusiness Tax Identification Number: 12539833-2-03<\/p>\n","protected":false},"excerpt":{"rendered":"<p>Name: The Bible Museum of the R\u00e1day Collection of the Danubian Church District Address: 1092 Budapest, R\u00e1day Street 28. Business Tax Identification Number: 19001762-1-43 Phone: +36 1-218-0266\/161, +36 30-441-9642 E-mail: info@bibliamuzeum.com Authors: The employees of the R\u00e1day Collection HUNT\u00c9KA Integrated library system Web hosting: BlazeArtsKft. E-mail: info@forpsi.hu Address: 6090 Kunszentmikl\u00f3s, Damjanich u. 36. 1\/8 Mailing &#8230; <a title=\"Legal Disclosure\" class=\"read-more\" href=\"https:\/\/bibliamuzeum.com\/en\/impressum\/\" aria-label=\"Read more about Legal Disclosure\">Read more<\/a><\/p>\n","protected":false},"author":2,"featured_media":0,"parent":0,"menu_order":0,"comment_status":"closed","ping_status":"closed","template":"","meta":{"footnotes":""},"class_list":["post-4183","page","type-page","status-publish"],"_links":{"self":[{"href":"https:\/\/bibliamuzeum.com\/en\/wp-json\/wp\/v2\/pages\/4183","targetHints":{"allow":["GET"]}}],"collection":[{"href":"https:\/\/bibliamuzeum.com\/en\/wp-json\/wp\/v2\/pages"}],"about":[{"href":"https:\/\/bibliamuzeum.com\/en\/wp-json\/wp\/v2\/types\/page"}],"author":[{"embeddable":true,"href":"https:\/\/bibliamuzeum.com\/en\/wp-json\/wp\/v2\/users\/2"}],"replies":[{"embeddable":true,"href":"https:\/\/bibliamuzeum.com\/en\/wp-json\/wp\/v2\/comments?post=4183"}],"version-history":[{"count":0,"href":"https:\/\/bibliamuzeum.com\/en\/wp-json\/wp\/v2\/pages\/4183\/revisions"}],"wp:attachment":[{"href":"https:\/\/bibliamuzeum.com\/en\/wp-json\/wp\/v2\/media?parent=4183"}],"curies":[{"name":"wp","href":"https:\/\/api.w.org\/{rel}","templated":true}]}}