{"id":4205,"date":"2018-05-22T21:57:03","date_gmt":"2018-05-22T19:57:03","guid":{"rendered":"https:\/\/biblia.rgy.hu\/biblia-muzeum-kapcsolat\/"},"modified":"2026-03-30T13:13:36","modified_gmt":"2026-03-30T11:13:36","slug":"contact","status":"publish","type":"page","link":"https:\/\/bibliamuzeum.com\/en\/contact\/","title":{"rendered":"Visit"},"content":{"rendered":"<div class=\"gb-container gb-container-e6e6e8da\">\n<div class=\"gb-container gb-container-b32521a0\"><\/div>\n<\/div>\n\n<div class=\"gb-container gb-container-42222cae\">\n<div class=\"gb-container gb-container-9254e05e\">\n\n<h2 class=\"gb-headline gb-headline-a0c24e2b gb-headline-text\">Visit<\/h2>\n\n\n\n<h4 class=\"gb-headline gb-headline-0b1b94f3 gb-headline-text\"><strong><strong>Bible Museum \u2013 R\u00e1day Collection<\/strong><\/strong><\/h4>\n\n\n<div class=\"gb-grid-wrapper gb-grid-wrapper-4791f06e\">\n<div class=\"gb-grid-column gb-grid-column-b9a89623\"><div class=\"gb-container gb-container-b9a89623\">\n\n<h5 class=\"gb-headline gb-headline-39db1137 gb-headline-text\"><strong>Contact<\/strong><\/h5>\n\n\n\n<p class=\"gb-headline gb-headline-83a2f55e gb-headline-text\">Address: <a href=\"https:\/\/goo.gl\/maps\/Ln6cdaUptebL3Bc17\" target=\"_blank\" rel=\"noreferrer noopener\">1092 Budapest, R\u00e1day utca 28.<\/a><br>Phone: <a href=\"tel:+%2036 30 441-9642\">+ 36 30 441-9642<\/a> (M-F: 10 AM \u2013 5 PM)<br>E-mail: <a href=\"mailto:bibliamuzeum@rgy.hu\">bibliamuzeum@rgy.hu<\/a><\/p>\n\n\n\n<h5 class=\"gb-headline gb-headline-4c9e675c gb-headline-text\"><strong>Getting here<\/strong><\/h5>\n\n\n\n<p class=\"gb-headline gb-headline-59494678 gb-headline-text\">By public transport: take metro line 3 or 4 to K\u00e1lvin t\u00e9r, then take exit D (R\u00e1day utca) and walk for 6 minutes.<br>By car: you can park on the surrounding streets, which is subject to a fee on weekdays between 8 am to 10 pm.<\/p>\n\n\n\n<p><\/p>\n\n<\/div><\/div>\n\n<div class=\"gb-grid-column gb-grid-column-4957b775\"><div class=\"gb-container gb-container-4957b775\">\n\n<h5 class=\"gb-headline gb-headline-05ba6154 gb-headline-text\"><strong><strong>Opening hours<\/strong><\/strong><\/h5>\n\n\n\n<p class=\"gb-headline gb-headline-cc65bc96 gb-headline-text\">Tu \u2013 Fr 10 AM \u2013 5 PM<br>Sa: 10 AM \u2013 2 PM<\/p>\n\n\n\n<p class=\"gb-headline gb-headline-0a7f9774 gb-headline-text\">The museum is closed on public holidays and on Protestant Church holidays:<br>1 January , 15 March, Good Thursday,&nbsp; Good Friday, Easter Sunday and Monday, 1 May, Ascension Day, Pentecost Sunday and Monday, 20 August, 23 October, 31 October, 1 November, 24-26 December<\/p>\n\n\n\n<p class=\"gb-headline gb-headline-ca05dbbe gb-headline-text\">In view of the Easter holidays, the museum will be <strong>closed from April 2 to 6, 2026.<\/strong><\/p>\n\n<\/div><\/div>\n<\/div>\n\n<style>.wp-block-kadence-spacer.kt-block-spacer-4205_44b9c5-1f .kt-block-spacer{height:6px;}.wp-block-kadence-spacer.kt-block-spacer-4205_44b9c5-1f .kt-divider{border-top-width:1px;height:1px;border-top-color:var(--cimek);width:55%;border-top-style:solid;}<\/style>\n<div class=\"wp-block-kadence-spacer aligncenter kt-block-spacer-4205_44b9c5-1f\"><div class=\"kt-block-spacer kt-block-spacer-halign-left\"><hr class=\"kt-divider\"\/><\/div><\/div>\n\n\n\n<h5 class=\"gb-headline gb-headline-f99d9957 gb-headline-text\"><strong><strong>Admission<\/strong><\/strong><\/h5>\n\n\n\n<p class=\"gb-headline gb-headline-82f5e03a gb-headline-text\"><strong>Tickets:<\/strong><\/p>\n\n\n\n<figure class=\"wp-block-table is-style-regular\"><table><tbody><tr><td>Adult:<\/td><td><strong>1500 HUF<\/strong><\/td><\/tr><tr><td>SENIOR aged between 62\u201370 or pensioner \u2013 citizens of Hungary or of another EEA (European Economic Area) country<\/td><td><strong>1000 HUF<\/strong><\/td><\/tr><tr><td>STUDENT\/CHILD aged between 6\u201326 \u2013 citizens of Hungary or of another EEA (European Economic Area) country <\/td><td><strong>1000 HUF<\/strong><\/td><\/tr><tr><td>TICKET FOR A GROUP MEMBER (over 10 person)<\/td><td>800 HUF<\/td><\/tr><tr><td>DISCOUNT TICKET FOR A GROUP MEMBER (children, students and seniors over 10 person)<\/td><td>500 HUF<\/td><\/tr><tr><td>GUIDED TOURS in English (advance booking is required):<\/td><td><strong>9000 HUF \/ Group<\/strong>*<\/td><\/tr><\/tbody><\/table><\/figure>\n\n\n\n<p class=\"gb-headline gb-headline-01862264 gb-headline-text\">*Groups of more than 20 people will be split into two groups. In this case the guided tour fee is payable per group.<\/p>\n\n\n\n<p class=\"gb-headline gb-headline-e1f15cb7 gb-headline-text\">All admission tickets include entry to the Bible Museum collection and all current exhibitions. For individual visitors, a guide to the permanent exhibition is available in English.<br>The best way to discover the Bible Museum is by guided visit. For reserving a tour in English or German please write to <a href=\"mailto:bibliamuzeum@rgy.hu\">bibliamuzeum@rgy.hu<\/a>, at least two weeks befor your visit.<\/p>\n\n\n\n<p>Before your visit, please read our <a href=\"https:\/\/bibliamuzeum.com\/en\/visitor-rules\/\">Visitor Rules.<\/a><br><br>Dear visitors! Please take into consideration that our cash office closes at 4.30 PM (1.30 PM on Saturdays)<br><br>Have a nice visit!<\/p>\n\n<\/div>\n\n<style>.wp-block-kadence-spacer.kt-block-spacer-4205_2348b7-87 .kt-block-spacer{height:6px;}.wp-block-kadence-spacer.kt-block-spacer-4205_2348b7-87 .kt-divider{border-top-width:1px;height:1px;border-top-color:var(--cimek);width:55%;border-top-style:solid;}<\/style>\n<div class=\"wp-block-kadence-spacer aligncenter kt-block-spacer-4205_2348b7-87\"><div class=\"kt-block-spacer kt-block-spacer-halign-left\"><hr class=\"kt-divider\"\/><\/div><\/div>\n\n\n\n<h5 class=\"gb-headline gb-headline-2680e30a gb-headline-text\"><strong>Staff members<\/strong><\/h5>\n\n\n\n<p class=\"gb-headline gb-headline-26420592 gb-headline-text\">Tim\u00e1r Gabriella Ulla<br>B\u00e1n Bor\u00f3ka<br>Z\u00f6ldi-Birk\u00e1s \u00c9va<br>Mazzagn\u00e9 Cs\u00e1nyi Borb\u00e1la Anna<\/p>\n\n\n<style>.wp-block-kadence-spacer.kt-block-spacer-4205_2f7182-86 .kt-block-spacer{height:6px;}.wp-block-kadence-spacer.kt-block-spacer-4205_2f7182-86 .kt-divider{border-top-width:1px;height:1px;border-top-color:var(--cimek);width:55%;border-top-style:solid;}<\/style>\n<div class=\"wp-block-kadence-spacer aligncenter kt-block-spacer-4205_2f7182-86\"><div class=\"kt-block-spacer kt-block-spacer-halign-left\"><hr class=\"kt-divider\"\/><\/div><\/div>\n\n\n<div class=\"gb-container gb-container-a0223270\">\n\n<iframe src=\"https:\/\/www.google.com\/maps\/embed?pb=!1m18!1m12!1m3!1d2696.205766554512!2d19.05961355518595!3d47.48590472222767!2m3!1f0!2f0!3f0!3m2!1i1024!2i768!4f13.1!3m3!1m2!1s0x4741dc574ccc411d%3A0x8c70a53124359145!2sBudapest%2C%20R%C3%A1day%20u.%2028%2C%201092!5e0!3m2!1shu!2shu!4v1707688573930!5m2!1shu!2shu\" width=\"100%\" height=\"450\" style=\"border:0;\" allowfullscreen=\"\" loading=\"lazy\" referrerpolicy=\"no-referrer-when-downgrade\"><\/iframe>\n\n<\/div>\n<\/div>","protected":false},"excerpt":{"rendered":"<p>Visit Bible Museum \u2013 R\u00e1day Collection Admission Tickets: Adult: 1500 HUF SENIOR aged between 62\u201370 or pensioner \u2013 citizens of Hungary or of another EEA (European Economic Area) country 1000 HUF STUDENT\/CHILD aged between 6\u201326 \u2013 citizens of Hungary or of another EEA (European Economic Area) country 1000 HUF TICKET FOR A GROUP MEMBER (over &#8230; <a title=\"Visit\" class=\"read-more\" href=\"https:\/\/bibliamuzeum.com\/en\/contact\/\" aria-label=\"Read more about Visit\">Read more<\/a><\/p>\n","protected":false},"author":1,"featured_media":0,"parent":0,"menu_order":0,"comment_status":"closed","ping_status":"closed","template":"","meta":{"footnotes":""},"class_list":["post-4205","page","type-page","status-publish"],"_links":{"self":[{"href":"https:\/\/bibliamuzeum.com\/en\/wp-json\/wp\/v2\/pages\/4205","targetHints":{"allow":["GET"]}}],"collection":[{"href":"https:\/\/bibliamuzeum.com\/en\/wp-json\/wp\/v2\/pages"}],"about":[{"href":"https:\/\/bibliamuzeum.com\/en\/wp-json\/wp\/v2\/types\/page"}],"author":[{"embeddable":true,"href":"https:\/\/bibliamuzeum.com\/en\/wp-json\/wp\/v2\/users\/1"}],"replies":[{"embeddable":true,"href":"https:\/\/bibliamuzeum.com\/en\/wp-json\/wp\/v2\/comments?post=4205"}],"version-history":[{"count":36,"href":"https:\/\/bibliamuzeum.com\/en\/wp-json\/wp\/v2\/pages\/4205\/revisions"}],"predecessor-version":[{"id":9198,"href":"https:\/\/bibliamuzeum.com\/en\/wp-json\/wp\/v2\/pages\/4205\/revisions\/9198"}],"wp:attachment":[{"href":"https:\/\/bibliamuzeum.com\/en\/wp-json\/wp\/v2\/media?parent=4205"}],"curies":[{"name":"wp","href":"https:\/\/api.w.org\/{rel}","templated":true}]}}