{"id":6241,"date":"2021-01-28T15:38:39","date_gmt":"2021-01-28T13:38:39","guid":{"rendered":"https:\/\/bibliamuzeum.com\/?page_id=6241"},"modified":"2026-03-26T12:36:20","modified_gmt":"2026-03-26T10:36:20","slug":"exhibition","status":"publish","type":"page","link":"https:\/\/bibliamuzeum.com\/en\/whats-on\/exhibition\/","title":{"rendered":"Exhibition"},"content":{"rendered":"\n<p><\/p>\n\n\n\n<h1 class=\"gb-headline gb-headline-3cadade7 gb-headline-text\">temporary exhibitions<\/h1>\n\n\n\n<h2 class=\"gb-headline gb-headline-e926b336 gb-headline-text\">Who will roll away the stone for us? &#8211; A Selection from the Works of B\u00e9la Kondor<\/h2>\n\n\n\n<h5 class=\"gb-headline gb-headline-486ee0f1 gb-headline-text\"><strong>Opening: March 13, 2026<\/strong><\/h5>\n\n\n\n<p>\u201cIn contemporary Hungarian graphic art, the art of B\u00e9la Kondor is an \u2018Archimedean point\u2019\u2026 absorbing everything into itself, yet sovereignly shaping all into its own image.\u201d (Lajos N\u00e9meth)<\/p>\n\n\n\n<p>A defining question of human existence is voiced by the women hurrying to the tomb on Easter morning: <em>\u201cWho will roll away the stone for us?\u201d<\/em> A massive obstacle had been set in place \u2014 \u201cthe stone\u2026 was very large\u201d .\u2014 sealing and closing off that which signifies passing and finitude. This human drama is expressed in the biblical scene.<\/p>\n\n\n\n<p>It is as if B\u00e9la Kondor gives voice to the same cry in his poem: \u201c\u2026With the humanly warm rays of your eyes, mellow the cold grin riveted on me.\u201d (Two Supplications, excerpt). \u201cWho will carry love across?\u201d asks his friend, the poet L\u00e1szl\u00f3 Nagy, igniting a spark of hope that an answer may yet be found. Without an answer, life remains crushed beneath the immovable obstacle.<\/p>\n\n\n\n<p>The stone is often too large, reality all too real, while a host of angels surrounds Kondor\u2019s sensitive world. Behind his works, one senses the radiance of Christ\u2019s question: \u201cIs not life more\u2026?\u201d (Matthew 6:25).<\/p>\n\n\n\n<p>Kondor\u2019s art is powerfully permeated by the constant presence of depth and height, by the magnetic pull of extreme poles. His surreal world \u2014 its figures, winged beings, structures and symbols \u2014 seems to hold <strong>him<\/strong> firmly to the ground amid the struggling decades of the twentieth century. They draw him downward, preventing him from breaking away from harsh reality, yet at the same time he knows that angelic wings encircle him. The sixteen creative years granted to him have remained with us as a rich and dynamic oeuvre.<\/p>\n\n\n\n<p>He heeded the advice of William Blake \u2014 \u201cI must Create a System, or be enslav\u2019d by another Man\u2019s\u201d* \u2014 for Kondor indeed created his own system, living it fully and leaving to us works born in a freedom unbound by \u201cisms.\u201d<\/p>\n\n\n\n<p>He learned from the old masters \u2014 Albrecht D\u00fcrer, Hieronymus Bosch, William Blake and Rembrandt \u2014 and in time became a master himself. His person and legacy stand as a high point in the history of Hungarian fine art.<\/p>\n\n\n\n<p>This exhibition presents etchings and paintings by B\u00e9la Kondor, borrowed from museums across the country and from three private collections, offering a glimpse into a rich oeuvre. It invites the visitor to pause and to confront the title of the exhibition \u2014 not without an answer: <em>\u201cthe stone had been rolled away.\u201d<\/em> For the question has encountered the divine answer; this is the message of the Easter story.<\/p>\n\n\n\n<p>* <em>Jerusalem\u2014The Emanation of the Giant Albion: Chapter One, Plate 10<\/em><\/p>\n\n\n<div class=\"gb-grid-wrapper gb-grid-wrapper-c3e97b3f\">\n<div class=\"gb-grid-column gb-grid-column-94c0789c\"><div class=\"gb-container gb-container-94c0789c\">\n\n<figure class=\"gb-block-image gb-block-image-d0e798e6\"><img loading=\"lazy\" decoding=\"async\" width=\"2048\" height=\"1385\" class=\"gb-image gb-image-d0e798e6\" src=\"https:\/\/bibliamuzeum.com\/wp-content\/uploads\/FT3_6361.jpg\" alt=\"\" title=\"fuletamas@gmail.com\" srcset=\"https:\/\/bibliamuzeum.com\/wp-content\/uploads\/FT3_6361.jpg 2048w, https:\/\/bibliamuzeum.com\/wp-content\/uploads\/FT3_6361-961x650.jpg 961w, https:\/\/bibliamuzeum.com\/wp-content\/uploads\/FT3_6361-1536x1039.jpg 1536w, https:\/\/bibliamuzeum.com\/wp-content\/uploads\/FT3_6361-510x345.jpg 510w\" sizes=\"auto, (max-width: 2048px) 100vw, 2048px\" \/><\/figure>\n\n<\/div><\/div>\n\n<div class=\"gb-grid-column gb-grid-column-2954d943\"><div class=\"gb-container gb-container-2954d943\">\n\n<figure class=\"gb-block-image gb-block-image-004333a7\"><img loading=\"lazy\" decoding=\"async\" width=\"2048\" height=\"1364\" class=\"gb-image gb-image-004333a7\" src=\"https:\/\/bibliamuzeum.com\/wp-content\/uploads\/FT3_6364.jpg\" alt=\"\" title=\"fuletamas@gmail.com\" srcset=\"https:\/\/bibliamuzeum.com\/wp-content\/uploads\/FT3_6364.jpg 2048w, https:\/\/bibliamuzeum.com\/wp-content\/uploads\/FT3_6364-976x650.jpg 976w, https:\/\/bibliamuzeum.com\/wp-content\/uploads\/FT3_6364-1536x1023.jpg 1536w, https:\/\/bibliamuzeum.com\/wp-content\/uploads\/FT3_6364-510x340.jpg 510w\" sizes=\"auto, (max-width: 2048px) 100vw, 2048px\" \/><\/figure>\n\n<\/div><\/div>\n\n<div class=\"gb-grid-column gb-grid-column-1b7a8839\"><div class=\"gb-container gb-container-1b7a8839\">\n\n<figure class=\"gb-block-image gb-block-image-9a04d697\"><img loading=\"lazy\" decoding=\"async\" width=\"2048\" height=\"1232\" class=\"gb-image gb-image-9a04d697\" src=\"https:\/\/bibliamuzeum.com\/wp-content\/uploads\/FT3_6381.jpg\" alt=\"\" title=\"fuletamas@gmail.com\" srcset=\"https:\/\/bibliamuzeum.com\/wp-content\/uploads\/FT3_6381.jpg 2048w, https:\/\/bibliamuzeum.com\/wp-content\/uploads\/FT3_6381-1024x616.jpg 1024w, https:\/\/bibliamuzeum.com\/wp-content\/uploads\/FT3_6381-1536x924.jpg 1536w, https:\/\/bibliamuzeum.com\/wp-content\/uploads\/FT3_6381-510x307.jpg 510w\" sizes=\"auto, (max-width: 2048px) 100vw, 2048px\" \/><\/figure>\n\n<\/div><\/div>\n<\/div>\n\n<div class=\"gb-grid-wrapper gb-grid-wrapper-12062bd5\">\n<div class=\"gb-grid-column gb-grid-column-48a7a0a2\"><div class=\"gb-container gb-container-48a7a0a2\">\n\n<figure class=\"gb-block-image gb-block-image-7c2ee150\"><img loading=\"lazy\" decoding=\"async\" width=\"1800\" height=\"1166\" class=\"gb-image gb-image-7c2ee150\" src=\"https:\/\/bibliamuzeum.com\/wp-content\/uploads\/FT3_6505_kicsi.jpg\" alt=\"\" title=\"fuletamas@gmail.com\" srcset=\"https:\/\/bibliamuzeum.com\/wp-content\/uploads\/FT3_6505_kicsi.jpg 1800w, https:\/\/bibliamuzeum.com\/wp-content\/uploads\/FT3_6505_kicsi-1003x650.jpg 1003w, https:\/\/bibliamuzeum.com\/wp-content\/uploads\/FT3_6505_kicsi-1536x995.jpg 1536w, https:\/\/bibliamuzeum.com\/wp-content\/uploads\/FT3_6505_kicsi-510x330.jpg 510w\" sizes=\"auto, (max-width: 1800px) 100vw, 1800px\" \/><\/figure>\n\n<\/div><\/div>\n\n<div class=\"gb-grid-column gb-grid-column-0bd9d70c\"><div class=\"gb-container gb-container-0bd9d70c\">\n\n<figure class=\"gb-block-image gb-block-image-1adce5b9\"><img loading=\"lazy\" decoding=\"async\" width=\"1800\" height=\"1201\" class=\"gb-image gb-image-1adce5b9\" src=\"https:\/\/bibliamuzeum.com\/wp-content\/uploads\/FT3_6517_kicsi.jpg\" alt=\"\" title=\"fuletamas@gmail.com\" srcset=\"https:\/\/bibliamuzeum.com\/wp-content\/uploads\/FT3_6517_kicsi.jpg 1800w, https:\/\/bibliamuzeum.com\/wp-content\/uploads\/FT3_6517_kicsi-974x650.jpg 974w, https:\/\/bibliamuzeum.com\/wp-content\/uploads\/FT3_6517_kicsi-1536x1025.jpg 1536w, https:\/\/bibliamuzeum.com\/wp-content\/uploads\/FT3_6517_kicsi-510x340.jpg 510w\" sizes=\"auto, (max-width: 1800px) 100vw, 1800px\" \/><\/figure>\n\n<\/div><\/div>\n\n<div class=\"gb-grid-column gb-grid-column-99b80bf7\"><div class=\"gb-container gb-container-99b80bf7\">\n\n<figure class=\"gb-block-image gb-block-image-87539e6b\"><img loading=\"lazy\" decoding=\"async\" width=\"1800\" height=\"1193\" class=\"gb-image gb-image-87539e6b\" src=\"https:\/\/bibliamuzeum.com\/wp-content\/uploads\/FT3_6518_kicsi.jpg\" alt=\"\" title=\"fuletamas@gmail.com\" srcset=\"https:\/\/bibliamuzeum.com\/wp-content\/uploads\/FT3_6518_kicsi.jpg 1800w, https:\/\/bibliamuzeum.com\/wp-content\/uploads\/FT3_6518_kicsi-981x650.jpg 981w, https:\/\/bibliamuzeum.com\/wp-content\/uploads\/FT3_6518_kicsi-1536x1018.jpg 1536w, https:\/\/bibliamuzeum.com\/wp-content\/uploads\/FT3_6518_kicsi-510x338.jpg 510w\" sizes=\"auto, (max-width: 1800px) 100vw, 1800px\" \/><\/figure>\n\n<\/div><\/div>\n<\/div>\n\n\n<p class=\"gb-headline gb-headline-4438c73f gb-headline-text\">Photos: Tam\u00e1s F\u00fcle<\/p>\n\n\n\n<div style=\"height:10px\" aria-hidden=\"true\" class=\"wp-block-spacer\"><\/div>\n\n\n<style>.wp-block-kadence-spacer.kt-block-spacer-6241_18dee7-34 .kt-block-spacer{height:60px;}.wp-block-kadence-spacer.kt-block-spacer-6241_18dee7-34 .kt-divider{border-top-width:1px;height:1px;border-top-color:#eee;width:80%;border-top-style:solid;}<\/style>\n<div class=\"wp-block-kadence-spacer aligncenter kt-block-spacer-6241_18dee7-34\"><div class=\"kt-block-spacer kt-block-spacer-halign-center\"><hr class=\"kt-divider\"\/><\/div><\/div>\n\n\n\n<h2 class=\"gb-headline gb-headline-9dc65f9c gb-headline-text\"><strong>Previous temporary exhibitions<\/strong><\/h2>\n\n\n\n<h2 class=\"gb-headline gb-headline-76af3d19 gb-headline-text\">&#8220;Neither Height nor Depth&#8230;&#8221; &#8211; In Memoriam William Blake<\/h2>\n\n\n\n<h3 class=\"gb-headline gb-headline-444a5b1a gb-headline-text\">Selection from the works submitted to the call of the Contemporary Gallery of Tatab\u00e1nya<\/h3>\n\n\n\n<h5 class=\"gb-headline gb-headline-8d2cf458 gb-headline-text\"><strong>On view: until February 28, 2026. <\/strong><\/h5>\n\n\n\n<p class=\"gb-headline gb-headline-f204d71c gb-headline-text\">This year\u2019s call, announced within the long-running <em>In Memoriam<\/em> series of the Contemporary Gallery of Tatab\u00e1nya, invited artists to give visual form to the spirit of William Blake. From nearly two hundred and fifty submissions, the jury selected seventy works for exhibition, twenty-two of which are presented in this temporary chamber exhibition of the Bible Museum.<br>In the exhibited works, two creators meet: one from the 18th century and one contemporary. Accordingly, two artistic forms overlap, and the artists employ a variety of techniques as their means of expression.<\/p>\n\n\n<div class=\"gb-grid-wrapper gb-grid-wrapper-05f5b194\">\n<div class=\"gb-grid-column gb-grid-column-769b01f0\"><div class=\"gb-container gb-container-769b01f0\">\n\n<figure class=\"gb-block-image gb-block-image-13d21090\"><img loading=\"lazy\" decoding=\"async\" width=\"2048\" height=\"1317\" class=\"gb-image gb-image-13d21090\" src=\"https:\/\/bibliamuzeum.com\/wp-content\/uploads\/FT3_5119.jpg\" alt=\"\" title=\"FT3_5119\" srcset=\"https:\/\/bibliamuzeum.com\/wp-content\/uploads\/FT3_5119.jpg 2048w, https:\/\/bibliamuzeum.com\/wp-content\/uploads\/FT3_5119-1011x650.jpg 1011w, https:\/\/bibliamuzeum.com\/wp-content\/uploads\/FT3_5119-1536x988.jpg 1536w, https:\/\/bibliamuzeum.com\/wp-content\/uploads\/FT3_5119-510x328.jpg 510w\" sizes=\"auto, (max-width: 2048px) 100vw, 2048px\" \/><\/figure>\n\n<\/div><\/div>\n\n<div class=\"gb-grid-column gb-grid-column-7777bfad\"><div class=\"gb-container gb-container-7777bfad\">\n\n<figure class=\"gb-block-image gb-block-image-e06e9eb9\"><img loading=\"lazy\" decoding=\"async\" width=\"1440\" height=\"824\" class=\"gb-image gb-image-e06e9eb9\" src=\"https:\/\/bibliamuzeum.com\/wp-content\/uploads\/FT3_5127.JPG.1440x0_q85.jpg\" alt=\"\" title=\"FT3_5127.JPG.1440x0_q85\" srcset=\"https:\/\/bibliamuzeum.com\/wp-content\/uploads\/FT3_5127.JPG.1440x0_q85.jpg 1440w, https:\/\/bibliamuzeum.com\/wp-content\/uploads\/FT3_5127.JPG.1440x0_q85-1024x586.jpg 1024w, https:\/\/bibliamuzeum.com\/wp-content\/uploads\/FT3_5127.JPG.1440x0_q85-510x292.jpg 510w\" sizes=\"auto, (max-width: 1440px) 100vw, 1440px\" \/><\/figure>\n\n<\/div><\/div>\n\n<div class=\"gb-grid-column gb-grid-column-6471add1\"><div class=\"gb-container gb-container-6471add1\">\n\n<figure class=\"gb-block-image gb-block-image-1d925240\"><img loading=\"lazy\" decoding=\"async\" width=\"2048\" height=\"1338\" class=\"gb-image gb-image-1d925240\" src=\"https:\/\/bibliamuzeum.com\/wp-content\/uploads\/FT3_5114.jpg\" alt=\"\" title=\"FT3_5114\" srcset=\"https:\/\/bibliamuzeum.com\/wp-content\/uploads\/FT3_5114.jpg 2048w, https:\/\/bibliamuzeum.com\/wp-content\/uploads\/FT3_5114-995x650.jpg 995w, https:\/\/bibliamuzeum.com\/wp-content\/uploads\/FT3_5114-1536x1004.jpg 1536w, https:\/\/bibliamuzeum.com\/wp-content\/uploads\/FT3_5114-510x333.jpg 510w\" sizes=\"auto, (max-width: 2048px) 100vw, 2048px\" \/><\/figure>\n\n<\/div><\/div>\n<\/div>\n\n<div class=\"gb-grid-wrapper gb-grid-wrapper-57ce3dbd\">\n<div class=\"gb-grid-column gb-grid-column-05515397\"><div class=\"gb-container gb-container-05515397\">\n\n<figure class=\"gb-block-image gb-block-image-f18a8f38\"><img loading=\"lazy\" decoding=\"async\" width=\"1440\" height=\"920\" class=\"gb-image gb-image-f18a8f38\" src=\"https:\/\/bibliamuzeum.com\/wp-content\/uploads\/FT3_5112.JPG.1440x0_q85.jpg\" alt=\"\" title=\"FT3_5112.JPG.1440x0_q85\" srcset=\"https:\/\/bibliamuzeum.com\/wp-content\/uploads\/FT3_5112.JPG.1440x0_q85.jpg 1440w, https:\/\/bibliamuzeum.com\/wp-content\/uploads\/FT3_5112.JPG.1440x0_q85-1017x650.jpg 1017w, https:\/\/bibliamuzeum.com\/wp-content\/uploads\/FT3_5112.JPG.1440x0_q85-510x326.jpg 510w\" sizes=\"auto, (max-width: 1440px) 100vw, 1440px\" \/><\/figure>\n\n<\/div><\/div>\n\n<div class=\"gb-grid-column gb-grid-column-f980204f\"><div class=\"gb-container gb-container-f980204f\">\n\n<figure class=\"gb-block-image gb-block-image-6be0f973\"><img loading=\"lazy\" decoding=\"async\" width=\"1440\" height=\"961\" class=\"gb-image gb-image-6be0f973\" src=\"https:\/\/bibliamuzeum.com\/wp-content\/uploads\/FT3_5120.JPG.1440x0_q85.jpg\" alt=\"\" title=\"FT3_5120.JPG.1440x0_q85\" srcset=\"https:\/\/bibliamuzeum.com\/wp-content\/uploads\/FT3_5120.JPG.1440x0_q85.jpg 1440w, https:\/\/bibliamuzeum.com\/wp-content\/uploads\/FT3_5120.JPG.1440x0_q85-974x650.jpg 974w, https:\/\/bibliamuzeum.com\/wp-content\/uploads\/FT3_5120.JPG.1440x0_q85-510x340.jpg 510w\" sizes=\"auto, (max-width: 1440px) 100vw, 1440px\" \/><\/figure>\n\n<\/div><\/div>\n\n<div class=\"gb-grid-column gb-grid-column-f87048e2\"><div class=\"gb-container gb-container-f87048e2\">\n\n<figure class=\"gb-block-image gb-block-image-15d755d9\"><img loading=\"lazy\" decoding=\"async\" width=\"1440\" height=\"941\" class=\"gb-image gb-image-15d755d9\" src=\"https:\/\/bibliamuzeum.com\/wp-content\/uploads\/FT3_5123.JPG.1440x0_q85.jpg\" alt=\"\" title=\"FT3_5123.JPG.1440x0_q85\" srcset=\"https:\/\/bibliamuzeum.com\/wp-content\/uploads\/FT3_5123.JPG.1440x0_q85.jpg 1440w, https:\/\/bibliamuzeum.com\/wp-content\/uploads\/FT3_5123.JPG.1440x0_q85-995x650.jpg 995w, https:\/\/bibliamuzeum.com\/wp-content\/uploads\/FT3_5123.JPG.1440x0_q85-510x333.jpg 510w\" sizes=\"auto, (max-width: 1440px) 100vw, 1440px\" \/><\/figure>\n\n<\/div><\/div>\n<\/div>\n\n\n<p class=\"gb-headline gb-headline-a39b665c gb-headline-text\">Photos: Tam\u00e1s F\u00fcle<\/p>\n\n\n\n<div style=\"height:15px\" aria-hidden=\"true\" class=\"wp-block-spacer\"><\/div>\n\n\n\n<h2 class=\"gb-headline gb-headline-e5d1053c gb-headline-text\">Embrace of Annuli<\/h2>\n\n\n\n<h3 class=\"gb-headline gb-headline-d836f53c gb-headline-text\">The works of sculptor L\u00e1szl\u00f3 Szab\u00f3<\/h3>\n\n\n\n<h5 class=\"gb-headline gb-headline-3686a8b9 gb-headline-text\"><strong>On view: until February 28, 2026. <\/strong><\/h5>\n\n\n\n<p>L\u00e1szl\u00f3 Szab\u00f3 was born in Nagyv\u00e1ty (Baranya County) in 1948. He has been drawing since childhood. He learned several trades, which shaped his relationship with materials and tools. He began carving in 1983, first creating folk figures, then his characteristic world of form developed: sculptures with elongated, carefully finished surfaces. The material of his works is wood, which he loves because of its malleability. According to his own words, he wants to show what is beautiful and noble in human life, and what few people notice in his fine, harmonious works. He often creates mother figures, but he was also sensitively affected by the Russian-Ukrainian war that broke out in 2022, as an imprint of which, burnt, cracked and mutilated surfaces appeared in his work, to express pain and at the same time survival. L\u00e1szl\u00f3 Szab\u00f3 currently lives and works in P\u00e9csv\u00e1r\u00e1d.<\/p>\n\n\n<div class=\"gb-grid-wrapper gb-grid-wrapper-e4adabb4\">\n<div class=\"gb-grid-column gb-grid-column-1ea8c18e\"><div class=\"gb-container gb-container-1ea8c18e\">\n\n<figure class=\"gb-block-image gb-block-image-c41c6545\"><img loading=\"lazy\" decoding=\"async\" width=\"1440\" height=\"854\" class=\"gb-image gb-image-c41c6545\" src=\"https:\/\/bibliamuzeum.com\/wp-content\/uploads\/FT3_5095.JPG.1440x0_q85.jpg\" alt=\"\" title=\"FT3_5095.JPG.1440x0_q85\" srcset=\"https:\/\/bibliamuzeum.com\/wp-content\/uploads\/FT3_5095.JPG.1440x0_q85.jpg 1440w, https:\/\/bibliamuzeum.com\/wp-content\/uploads\/FT3_5095.JPG.1440x0_q85-1024x607.jpg 1024w, https:\/\/bibliamuzeum.com\/wp-content\/uploads\/FT3_5095.JPG.1440x0_q85-510x302.jpg 510w\" sizes=\"auto, (max-width: 1440px) 100vw, 1440px\" \/><\/figure>\n\n<\/div><\/div>\n\n<div class=\"gb-grid-column gb-grid-column-989314ce\"><div class=\"gb-container gb-container-989314ce\">\n\n<figure class=\"gb-block-image gb-block-image-10bb0fe5\"><img loading=\"lazy\" decoding=\"async\" width=\"2048\" height=\"1447\" class=\"gb-image gb-image-10bb0fe5\" src=\"https:\/\/bibliamuzeum.com\/wp-content\/uploads\/FT3_5097.jpg\" alt=\"\" title=\"FT3_5097\" srcset=\"https:\/\/bibliamuzeum.com\/wp-content\/uploads\/FT3_5097.jpg 2048w, https:\/\/bibliamuzeum.com\/wp-content\/uploads\/FT3_5097-920x650.jpg 920w, https:\/\/bibliamuzeum.com\/wp-content\/uploads\/FT3_5097-1536x1085.jpg 1536w, https:\/\/bibliamuzeum.com\/wp-content\/uploads\/FT3_5097-510x360.jpg 510w\" sizes=\"auto, (max-width: 2048px) 100vw, 2048px\" \/><\/figure>\n\n<\/div><\/div>\n\n<div class=\"gb-grid-column gb-grid-column-6e231016\"><div class=\"gb-container gb-container-6e231016\">\n\n<figure class=\"gb-block-image gb-block-image-b48ad134\"><img loading=\"lazy\" decoding=\"async\" width=\"1440\" height=\"961\" class=\"gb-image gb-image-b48ad134\" src=\"https:\/\/bibliamuzeum.com\/wp-content\/uploads\/FT3_5057.JPG.1440x0_q85.jpg\" alt=\"\" title=\"FT3_5057.JPG.1440x0_q85\" srcset=\"https:\/\/bibliamuzeum.com\/wp-content\/uploads\/FT3_5057.JPG.1440x0_q85.jpg 1440w, https:\/\/bibliamuzeum.com\/wp-content\/uploads\/FT3_5057.JPG.1440x0_q85-974x650.jpg 974w, https:\/\/bibliamuzeum.com\/wp-content\/uploads\/FT3_5057.JPG.1440x0_q85-510x340.jpg 510w\" sizes=\"auto, (max-width: 1440px) 100vw, 1440px\" \/><\/figure>\n\n<\/div><\/div>\n<\/div>\n\n<div class=\"gb-grid-wrapper gb-grid-wrapper-71fa4856\">\n<div class=\"gb-grid-column gb-grid-column-d9dd9e1e\"><div class=\"gb-container gb-container-d9dd9e1e\">\n\n<figure class=\"gb-block-image gb-block-image-ed5dd0d0\"><img loading=\"lazy\" decoding=\"async\" width=\"1201\" height=\"1800\" class=\"gb-image gb-image-ed5dd0d0\" src=\"https:\/\/bibliamuzeum.com\/wp-content\/uploads\/FT3_5061.JPG.1440x0_q85.jpg\" alt=\"\" title=\"FT3_5061.JPG.1440x0_q85\" srcset=\"https:\/\/bibliamuzeum.com\/wp-content\/uploads\/FT3_5061.JPG.1440x0_q85.jpg 1201w, https:\/\/bibliamuzeum.com\/wp-content\/uploads\/FT3_5061.JPG.1440x0_q85-434x650.jpg 434w, https:\/\/bibliamuzeum.com\/wp-content\/uploads\/FT3_5061.JPG.1440x0_q85-1025x1536.jpg 1025w, https:\/\/bibliamuzeum.com\/wp-content\/uploads\/FT3_5061.JPG.1440x0_q85-510x764.jpg 510w\" sizes=\"auto, (max-width: 1201px) 100vw, 1201px\" \/><\/figure>\n\n<\/div><\/div>\n\n<div class=\"gb-grid-column gb-grid-column-cecdfb01\"><div class=\"gb-container gb-container-cecdfb01\">\n\n<figure class=\"gb-block-image gb-block-image-2a3d439b\"><img loading=\"lazy\" decoding=\"async\" width=\"1203\" height=\"1800\" class=\"gb-image gb-image-2a3d439b\" src=\"https:\/\/bibliamuzeum.com\/wp-content\/uploads\/FT3_5064.JPG.1440x0_q85.jpg\" alt=\"\" title=\"FT3_5064.JPG.1440x0_q85\" srcset=\"https:\/\/bibliamuzeum.com\/wp-content\/uploads\/FT3_5064.JPG.1440x0_q85.jpg 1203w, https:\/\/bibliamuzeum.com\/wp-content\/uploads\/FT3_5064.JPG.1440x0_q85-434x650.jpg 434w, https:\/\/bibliamuzeum.com\/wp-content\/uploads\/FT3_5064.JPG.1440x0_q85-1027x1536.jpg 1027w, https:\/\/bibliamuzeum.com\/wp-content\/uploads\/FT3_5064.JPG.1440x0_q85-510x763.jpg 510w\" sizes=\"auto, (max-width: 1203px) 100vw, 1203px\" \/><\/figure>\n\n<\/div><\/div>\n\n<div class=\"gb-grid-column gb-grid-column-f97ef264\"><div class=\"gb-container gb-container-f97ef264\">\n\n<figure class=\"gb-block-image gb-block-image-d1e8957d\"><img loading=\"lazy\" decoding=\"async\" width=\"1201\" height=\"1800\" class=\"gb-image gb-image-d1e8957d\" src=\"https:\/\/bibliamuzeum.com\/wp-content\/uploads\/FT3_5067.JPG.1440x0_q85.jpg\" alt=\"\" title=\"FT3_5067.JPG.1440x0_q85\" srcset=\"https:\/\/bibliamuzeum.com\/wp-content\/uploads\/FT3_5067.JPG.1440x0_q85.jpg 1201w, https:\/\/bibliamuzeum.com\/wp-content\/uploads\/FT3_5067.JPG.1440x0_q85-434x650.jpg 434w, https:\/\/bibliamuzeum.com\/wp-content\/uploads\/FT3_5067.JPG.1440x0_q85-1025x1536.jpg 1025w, https:\/\/bibliamuzeum.com\/wp-content\/uploads\/FT3_5067.JPG.1440x0_q85-510x764.jpg 510w\" sizes=\"auto, (max-width: 1201px) 100vw, 1201px\" \/><\/figure>\n\n<\/div><\/div>\n\n<div class=\"gb-grid-column gb-grid-column-262a82c4\"><div class=\"gb-container gb-container-262a82c4\">\n\n<figure class=\"gb-block-image gb-block-image-14012b53\"><img loading=\"lazy\" decoding=\"async\" width=\"1167\" height=\"1800\" class=\"gb-image gb-image-14012b53\" src=\"https:\/\/bibliamuzeum.com\/wp-content\/uploads\/FT3_5054.JPG.1440x0_q85.jpg\" alt=\"\" title=\"FT3_5054.JPG.1440x0_q85\" srcset=\"https:\/\/bibliamuzeum.com\/wp-content\/uploads\/FT3_5054.JPG.1440x0_q85.jpg 1167w, https:\/\/bibliamuzeum.com\/wp-content\/uploads\/FT3_5054.JPG.1440x0_q85-421x650.jpg 421w, https:\/\/bibliamuzeum.com\/wp-content\/uploads\/FT3_5054.JPG.1440x0_q85-996x1536.jpg 996w, https:\/\/bibliamuzeum.com\/wp-content\/uploads\/FT3_5054.JPG.1440x0_q85-510x787.jpg 510w\" sizes=\"auto, (max-width: 1167px) 100vw, 1167px\" \/><\/figure>\n\n<\/div><\/div>\n<\/div>\n\n\n<p>Photos: Tam\u00e1s F\u00fcle<\/p>\n\n\n\n<h2 class=\"gb-headline gb-headline-fbd67499 gb-headline-text\"><a href=\"https:\/\/bibliamuzeum.com\/en\/whats-on\/previous-temporary-exhibitions\/\">More<\/a><\/h2>\n\n\n\n<p><\/p>\n","protected":false},"excerpt":{"rendered":"<p>temporary exhibitions Who will roll away the stone for us? &#8211; A Selection from the Works of B\u00e9la Kondor Opening: March 13, 2026 \u201cIn contemporary Hungarian graphic art, the art of B\u00e9la Kondor is an \u2018Archimedean point\u2019\u2026 absorbing everything into itself, yet sovereignly shaping all into its own image.\u201d (Lajos N\u00e9meth) A defining question of &#8230; <a title=\"Exhibition\" class=\"read-more\" href=\"https:\/\/bibliamuzeum.com\/en\/whats-on\/exhibition\/\" aria-label=\"Read more about Exhibition\">Read more<\/a><\/p>\n","protected":false},"author":2,"featured_media":0,"parent":7582,"menu_order":0,"comment_status":"closed","ping_status":"closed","template":"","meta":{"footnotes":""},"class_list":["post-6241","page","type-page","status-publish"],"_links":{"self":[{"href":"https:\/\/bibliamuzeum.com\/en\/wp-json\/wp\/v2\/pages\/6241","targetHints":{"allow":["GET"]}}],"collection":[{"href":"https:\/\/bibliamuzeum.com\/en\/wp-json\/wp\/v2\/pages"}],"about":[{"href":"https:\/\/bibliamuzeum.com\/en\/wp-json\/wp\/v2\/types\/page"}],"author":[{"embeddable":true,"href":"https:\/\/bibliamuzeum.com\/en\/wp-json\/wp\/v2\/users\/2"}],"replies":[{"embeddable":true,"href":"https:\/\/bibliamuzeum.com\/en\/wp-json\/wp\/v2\/comments?post=6241"}],"version-history":[{"count":45,"href":"https:\/\/bibliamuzeum.com\/en\/wp-json\/wp\/v2\/pages\/6241\/revisions"}],"predecessor-version":[{"id":9195,"href":"https:\/\/bibliamuzeum.com\/en\/wp-json\/wp\/v2\/pages\/6241\/revisions\/9195"}],"up":[{"embeddable":true,"href":"https:\/\/bibliamuzeum.com\/en\/wp-json\/wp\/v2\/pages\/7582"}],"wp:attachment":[{"href":"https:\/\/bibliamuzeum.com\/en\/wp-json\/wp\/v2\/media?parent=6241"}],"curies":[{"name":"wp","href":"https:\/\/api.w.org\/{rel}","templated":true}]}}