{"id":6254,"date":"2020-11-18T12:08:02","date_gmt":"2020-11-18T10:08:02","guid":{"rendered":"https:\/\/bibliamuzeum.com\/product\/eletfa-abrazolas-orthosztat\/"},"modified":"2021-01-28T16:13:27","modified_gmt":"2021-01-28T14:13:27","slug":"eletfa-abrazolas-orthosztat","status":"publish","type":"product","link":"https:\/\/bibliamuzeum.com\/en\/product\/eletfa-abrazolas-orthosztat\/","title":{"rendered":"&quot;\u00c9letfa&quot; \u00e1br\u00e1zol\u00e1s, orthoszt\u00e1t"},"content":{"rendered":"","protected":false},"excerpt":{"rendered":"<p>Kr.e. 1. \u00e9vezred<br \/>\nTell Halaf<br \/>\nm\u00e1solat<br \/>\nStaatliche Museen zu Berlin, Preu\u00dfischer Kulturbesitz, Berlin<\/p>\n","protected":false},"featured_media":5192,"template":"","meta":[],"product_brand":[],"product_cat":[62],"product_tag":[],"class_list":{"0":"post-6254","1":"product","2":"type-product","3":"status-publish","4":"has-post-thumbnail","6":"product_cat-latvanytar","7":"","8":"woocommerce-text-align-left","9":"woocommerce-image-align-center","11":"first","12":"instock","13":"shipping-taxable","14":"product-type-simple"},"_links":{"self":[{"href":"https:\/\/bibliamuzeum.com\/en\/wp-json\/wp\/v2\/product\/6254","targetHints":{"allow":["GET"]}}],"collection":[{"href":"https:\/\/bibliamuzeum.com\/en\/wp-json\/wp\/v2\/product"}],"about":[{"href":"https:\/\/bibliamuzeum.com\/en\/wp-json\/wp\/v2\/types\/product"}],"wp:featuredmedia":[{"embeddable":true,"href":"https:\/\/bibliamuzeum.com\/en\/wp-json\/wp\/v2\/media\/5192"}],"wp:attachment":[{"href":"https:\/\/bibliamuzeum.com\/en\/wp-json\/wp\/v2\/media?parent=6254"}],"wp:term":[{"taxonomy":"product_brand","embeddable":true,"href":"https:\/\/bibliamuzeum.com\/en\/wp-json\/wp\/v2\/product_brand?post=6254"},{"taxonomy":"product_cat","embeddable":true,"href":"https:\/\/bibliamuzeum.com\/en\/wp-json\/wp\/v2\/product_cat?post=6254"},{"taxonomy":"product_tag","embeddable":true,"href":"https:\/\/bibliamuzeum.com\/en\/wp-json\/wp\/v2\/product_tag?post=6254"}],"curies":[{"name":"wp","href":"https:\/\/api.w.org\/{rel}","templated":true}]}}